{"id":148,"date":"2025-03-04T05:04:09","date_gmt":"2025-03-04T05:04:09","guid":{"rendered":"https:\/\/innerteam.umairsattar.com\/?page_id=148"},"modified":"2026-04-06T19:56:31","modified_gmt":"2026-04-06T19:56:31","slug":"about","status":"publish","type":"page","link":"https:\/\/innerteam.org\/de\/about\/","title":{"rendered":"\u00dcber"},"content":{"rendered":"<div data-elementor-type=\"wp-page\" data-elementor-id=\"148\" class=\"elementor elementor-148\" data-elementor-post-type=\"page\">\n\t\t\t\t<div class=\"elementor-element elementor-element-4c5b335 e-con-full e-flex e-con e-parent\" data-id=\"4c5b335\" data-element_type=\"container\">\n\t\t<div class=\"elementor-element elementor-element-654aaa2 e-con-full e-flex e-con e-child\" data-id=\"654aaa2\" data-element_type=\"container\">\n\t\t\t\t<div class=\"elementor-element elementor-element-1b60626 elementor-widget__width-initial elementor-widget-tablet__width-initial elementor-widget elementor-widget-image\" data-id=\"1b60626\" data-element_type=\"widget\" data-widget_type=\"image.default\">\n\t\t\t\t<div class=\"elementor-widget-container\">\n\t\t\t\t\t\t\t\t\t\t\t\t<figure class=\"wp-caption\">\n\t\t\t\t\t\t\t\t\t\t<img fetchpriority=\"high\" decoding=\"async\" width=\"800\" height=\"716\" src=\"https:\/\/innerteam.org\/wp-content\/uploads\/2025\/03\/Christian_1-scaled-e1775332764716-1024x917.jpg\" class=\"attachment-large size-large wp-image-1906\" alt=\"\" srcset=\"https:\/\/innerteam.org\/wp-content\/uploads\/2025\/03\/Christian_1-scaled-e1775332764716-1024x917.jpg 1024w, https:\/\/innerteam.org\/wp-content\/uploads\/2025\/03\/Christian_1-scaled-e1775332764716-300x269.jpg 300w, https:\/\/innerteam.org\/wp-content\/uploads\/2025\/03\/Christian_1-scaled-e1775332764716-768x688.jpg 768w, https:\/\/innerteam.org\/wp-content\/uploads\/2025\/03\/Christian_1-scaled-e1775332764716-1536x1375.jpg 1536w, https:\/\/innerteam.org\/wp-content\/uploads\/2025\/03\/Christian_1-scaled-e1775332764716-13x12.jpg 13w, https:\/\/innerteam.org\/wp-content\/uploads\/2025\/03\/Christian_1-scaled-e1775332764716.jpg 1902w\" sizes=\"(max-width: 800px) 100vw, 800px\" \/>\t\t\t\t\t\t\t\t\t\t\t<figcaption class=\"widget-image-caption wp-caption-text\">Christian B. Busch, PCC (innerteam.org)<\/figcaption>\n\t\t\t\t\t\t\t\t\t\t<\/figure>\n\t\t\t\t\t\t\t\t\t<\/div>\n\t\t\t\t<\/div>\n\t\t\t\t<\/div>\n\t\t\t\t<div class=\"elementor-element elementor-element-a80162d elementor-widget__width-initial elementor-widget-mobile__width-initial elementor-widget-tablet__width-initial elementor-invisible elementor-widget elementor-widget-text-editor\" data-id=\"a80162d\" data-element_type=\"widget\" data-settings=\"{&quot;_animation&quot;:&quot;fadeInUp&quot;}\" data-widget_type=\"text-editor.default\">\n\t\t\t\t<div class=\"elementor-widget-container\">\n\t\t\t\t\t\t\t\t\t<h5><span style=\"font-weight: bolder; color: #b57d2d;\">Mein Motto<\/span><\/h5><p>Unsere Pers\u00f6nlichkeitsanteile sind die Abk\u00fcrzung zu unseren Glaubenss\u00e4tzen. Eine Pers\u00f6nlichkeit ist kein starrer Block, sondern besteht aus vielen Seiten \u2013 und manche von ihnen haben sehr gute Gr\u00fcnde, sich Ver\u00e4nderungen zun\u00e4chst zu widersetzen. In meiner Arbeit geht es darum, all diese Anteile einzubeziehen, um echte Transformation zu erm\u00f6glichen.<\/p><h5><span style=\"font-weight: bolder; color: #b57d2d;\">Erfahrung<\/span><\/h5><p>Mit \u00fcber 16 Jahren Erfahrung in strategischer Kommunikation und Change Management habe ich Mitarbeitende in multinationalen Konzernen wie Roche und Takeda gecoacht, F\u00fchrungspersonen in kleinen und mittleren Unternehmen (KMU) beraten und Gr\u00fcndende an der Universit\u00e4t der K\u00fcnste Berlin begleitet.<\/p><h5><span style=\"color: #b57d2d;\"><strong>Meine Arbeit basiert auf jahrelangen Trainings<\/strong><\/span><\/h5><ul><li><p class=\"translation-block\"><strong>Coaching Ausbildung: <\/strong>ICF PCC Coach &amp; Team Coach, Hypnosystemische Ans\u00e4tze (Ausbildung bei Dr. Gunther Schmidt)<\/p><\/li><li><p class=\"translation-block\"><strong>Angewandte Psychologie: <\/strong><span style=\"background-color: transparent\">Somatische Ego State Therapie (Ausbildung bei Dr. Silvia Zanotta), Emotionsfokussierte Paartherapie (Basis Training), <\/span><span style=\"background-color: transparent\">Ego State Coaching and Counselling (Ausbildung bei Dr. Woltemade Hartmann)<\/span><\/p><\/li><li><p class=\"translation-block\"><strong>Akademische Ausbildung:<\/strong>\u00a0Master of Arts in Professional Communication &amp; Master in Business Administration (MBA),\u00a0<span style=\"background-color: transparent\">CAS in Systemischer Organisationsentwicklung, <\/span>Doktoratsforschung \u00fcber Resilienz an der Oxford Brookes University.<\/p><\/li><\/ul>\t\t\t\t\t\t\t\t<\/div>\n\t\t\t\t<\/div>\n\t\t\t\t<\/div>\n\t\t<div class=\"elementor-element elementor-element-1ede898 e-flex e-con-boxed e-con e-parent\" data-id=\"1ede898\" data-element_type=\"container\">\n\t\t\t\t\t<div class=\"e-con-inner\">\n\t\t\t\t<div class=\"elementor-element elementor-element-75c3581 elementor-widget elementor-widget-spacer\" data-id=\"75c3581\" data-element_type=\"widget\" data-widget_type=\"spacer.default\">\n\t\t\t\t<div class=\"elementor-widget-container\">\n\t\t\t\t\t\t\t<div class=\"elementor-spacer\">\n\t\t\t<div class=\"elementor-spacer-inner\"><\/div>\n\t\t<\/div>\n\t\t\t\t\t\t<\/div>\n\t\t\t\t<\/div>\n\t\t\t\t\t<\/div>\n\t\t\t\t<\/div>\n\t\t<div class=\"elementor-element elementor-element-69813f5 e-flex e-con-boxed e-con e-parent\" data-id=\"69813f5\" data-element_type=\"container\">\n\t\t\t\t\t<div class=\"e-con-inner\">\n\t\t\t\t<div class=\"elementor-element elementor-element-654c2ab elementor-widget elementor-widget-spacer\" data-id=\"654c2ab\" data-element_type=\"widget\" data-widget_type=\"spacer.default\">\n\t\t\t\t<div class=\"elementor-widget-container\">\n\t\t\t\t\t\t\t<div class=\"elementor-spacer\">\n\t\t\t<div class=\"elementor-spacer-inner\"><\/div>\n\t\t<\/div>\n\t\t\t\t\t\t<\/div>\n\t\t\t\t<\/div>\n\t\t\t\t\t<\/div>\n\t\t\t\t<\/div>\n\t\t\t\t<section class=\"elementor-section elementor-top-section elementor-element elementor-element-60d2c27 elementor-section-boxed elementor-section-height-default elementor-section-height-default\" data-id=\"60d2c27\" data-element_type=\"section\">\n\t\t\t\t\t\t<div class=\"elementor-container elementor-column-gap-default\">\n\t\t\t\t\t<div class=\"elementor-column elementor-col-100 elementor-top-column elementor-element elementor-element-2a9cc79\" data-id=\"2a9cc79\" data-element_type=\"column\">\n\t\t\t<div class=\"elementor-widget-wrap elementor-element-populated\">\n\t\t\t\t\t\t<section class=\"elementor-section elementor-inner-section elementor-element elementor-element-fb678a7 elementor-section-boxed elementor-section-height-default elementor-section-height-default elementor-invisible\" data-id=\"fb678a7\" data-element_type=\"section\" data-settings=\"{&quot;background_background&quot;:&quot;classic&quot;,&quot;animation&quot;:&quot;fadeInUp&quot;}\">\n\t\t\t\t\t\t<div class=\"elementor-container elementor-column-gap-default\">\n\t\t\t\t\t<div class=\"elementor-column elementor-col-50 elementor-inner-column elementor-element elementor-element-8ac3b48\" data-id=\"8ac3b48\" data-element_type=\"column\" data-settings=\"{&quot;background_background&quot;:&quot;slideshow&quot;,&quot;background_slideshow_gallery&quot;:[],&quot;background_slideshow_loop&quot;:&quot;yes&quot;,&quot;background_slideshow_slide_duration&quot;:5000,&quot;background_slideshow_slide_transition&quot;:&quot;fade&quot;,&quot;background_slideshow_transition_duration&quot;:500}\">\n\t\t\t<div class=\"elementor-widget-wrap elementor-element-populated\">\n\t\t\t\t\t\t<div class=\"elementor-element elementor-element-5a51cc6 elementor-invisible elementor-widget elementor-widget-elementskit-heading\" data-id=\"5a51cc6\" data-element_type=\"widget\" data-settings=\"{&quot;_animation&quot;:&quot;fadeInUp&quot;,&quot;_animation_delay&quot;:200}\" data-widget_type=\"elementskit-heading.default\">\n\t\t\t\t<div class=\"elementor-widget-container\">\n\t\t\t\t\t<div class=\"ekit-wid-con\" ><div class=\"ekit-heading elementskit-section-title-wraper text_left   ekit_heading_tablet-   ekit_heading_mobile-text_center\"><h2 class=\"ekit-heading--title elementskit-section-title\">Kontakt<\/h2><h3 class=\"ekit-heading--subtitle elementskit-section-subtitle\">\n\t\t\t\t\t\tChristian B. Busch, PCC | Practice: Weinbergstrasse 25, 8001 Zurich &amp; Online | chris@innerteam.org\n\t\t\t\t\t<\/h3><\/div><\/div>\t\t\t\t<\/div>\n\t\t\t\t<\/div>\n\t\t\t\t<div class=\"elementor-element elementor-element-5f945d2 elementor-align-left elementor-mobile-align-center elementor-invisible elementor-widget elementor-widget-button\" data-id=\"5f945d2\" data-element_type=\"widget\" data-settings=\"{&quot;_animation&quot;:&quot;fadeInUp&quot;,&quot;_animation_delay&quot;:600}\" data-widget_type=\"button.default\">\n\t\t\t\t<div class=\"elementor-widget-container\">\n\t\t\t\t\t\t\t\t\t<div class=\"elementor-button-wrapper\">\n\t\t\t\t\t<a class=\"elementor-button elementor-button-link elementor-size-sm\" href=\"https:\/\/calendar.app.google\/gxDQhTrzLgeS9kDT8\">\n\t\t\t\t\t\t<span class=\"elementor-button-content-wrapper\">\n\t\t\t\t\t\t\t\t\t<span class=\"elementor-button-text\">BOOK A COMPLIMENTARY DISCOVERY CALL<\/span>\n\t\t\t\t\t<\/span>\n\t\t\t\t\t<\/a>\n\t\t\t\t<\/div>\n\t\t\t\t\t\t\t\t<\/div>\n\t\t\t\t<\/div>\n\t\t\t\t\t<\/div>\n\t\t<\/div>\n\t\t\t\t<div class=\"elementor-column elementor-col-50 elementor-inner-column elementor-element elementor-element-0b97520\" data-id=\"0b97520\" data-element_type=\"column\" data-settings=\"{&quot;background_background&quot;:&quot;classic&quot;}\">\n\t\t\t<div class=\"elementor-widget-wrap elementor-element-populated\">\n\t\t\t\t\t\t<div class=\"elementor-element elementor-element-2c3a950 elementor-widget-divider--view-line elementor-widget elementor-widget-divider\" data-id=\"2c3a950\" data-element_type=\"widget\" data-widget_type=\"divider.default\">\n\t\t\t\t<div class=\"elementor-widget-container\">\n\t\t\t\t\t\t\t<div class=\"elementor-divider\">\n\t\t\t<span class=\"elementor-divider-separator\">\n\t\t\t\t\t\t<\/span>\n\t\t<\/div>\n\t\t\t\t\t\t<\/div>\n\t\t\t\t<\/div>\n\t\t\t\t\t<\/div>\n\t\t<\/div>\n\t\t\t\t\t<\/div>\n\t\t<\/section>\n\t\t\t\t\t<\/div>\n\t\t<\/div>\n\t\t\t\t\t<\/div>\n\t\t<\/section>\n\t\t\t\t<\/div>","protected":false},"excerpt":{"rendered":"<p>Christian B. Busch, PCC (innerteam.org) My Motto Our personality parts are the shortcut to our core beliefs. A personality is not a single, solid block; it consists of many sides. My work is about engaging with all these personality parts to facilitate true transformation. Experience With 17+ years in strategic communications and change management, I [&hellip;]<\/p>","protected":false},"author":1,"featured_media":0,"parent":0,"menu_order":0,"comment_status":"closed","ping_status":"closed","template":"elementor_header_footer","meta":{"footnotes":""},"class_list":["post-148","page","type-page","status-publish","hentry"],"yoast_head":"<!-- This site is optimized with the Yoast SEO plugin v26.3 - https:\/\/yoast.com\/wordpress\/plugins\/seo\/ -->\n<title>About - innerteam.org<\/title>\n<meta name=\"robots\" content=\"index, follow, max-snippet:-1, max-image-preview:large, max-video-preview:-1\" \/>\n<link rel=\"canonical\" href=\"https:\/\/innerteam.org\/de\/about\/\" \/>\n<meta property=\"og:locale\" content=\"de_DE\" \/>\n<meta property=\"og:type\" content=\"article\" \/>\n<meta property=\"og:title\" content=\"About - innerteam.org\" \/>\n<meta property=\"og:description\" content=\"Christian B. Busch, PCC (innerteam.org) My Motto Our personality parts are the shortcut to our core beliefs. A personality is not a single, solid block; it consists of many sides. My work is about engaging with all these personality parts to facilitate true transformation. Experience With 17+ years in strategic communications and change management, I [&hellip;]\" \/>\n<meta property=\"og:url\" content=\"https:\/\/innerteam.org\/de\/about\/\" \/>\n<meta property=\"og:site_name\" content=\"innerteam.org\" \/>\n<meta property=\"article:modified_time\" content=\"2026-04-06T19:56:31+00:00\" \/>\n<meta property=\"og:image\" content=\"https:\/\/innerteam.org\/wp-content\/uploads\/2025\/03\/Christian_1-scaled-e1775332764716.jpg\" \/>\n\t<meta property=\"og:image:width\" content=\"1902\" \/>\n\t<meta property=\"og:image:height\" content=\"1703\" \/>\n\t<meta property=\"og:image:type\" content=\"image\/jpeg\" \/>\n<meta name=\"twitter:card\" content=\"summary_large_image\" \/>\n<meta name=\"twitter:label1\" content=\"Gesch\u00e4tzte Lesezeit\" \/>\n\t<meta name=\"twitter:data1\" content=\"1\u00a0Minute\" \/>\n<script type=\"application\/ld+json\" class=\"yoast-schema-graph\">{\"@context\":\"https:\/\/schema.org\",\"@graph\":[{\"@type\":\"WebPage\",\"@id\":\"https:\/\/innerteam.org\/about\/\",\"url\":\"https:\/\/innerteam.org\/about\/\",\"name\":\"About - innerteam.org\",\"isPartOf\":{\"@id\":\"https:\/\/innerteam.org\/#website\"},\"primaryImageOfPage\":{\"@id\":\"https:\/\/innerteam.org\/about\/#primaryimage\"},\"image\":{\"@id\":\"https:\/\/innerteam.org\/about\/#primaryimage\"},\"thumbnailUrl\":\"https:\/\/innerteam.org\/wp-content\/uploads\/2025\/03\/Christian_1-scaled-e1775332764716-1024x917.jpg\",\"datePublished\":\"2025-03-04T05:04:09+00:00\",\"dateModified\":\"2026-04-06T19:56:31+00:00\",\"breadcrumb\":{\"@id\":\"https:\/\/innerteam.org\/about\/#breadcrumb\"},\"inLanguage\":\"de\",\"potentialAction\":[{\"@type\":\"ReadAction\",\"target\":[\"https:\/\/innerteam.org\/about\/\"]}]},{\"@type\":\"ImageObject\",\"inLanguage\":\"de\",\"@id\":\"https:\/\/innerteam.org\/about\/#primaryimage\",\"url\":\"https:\/\/innerteam.org\/wp-content\/uploads\/2025\/03\/Christian_1-scaled-e1775332764716-1024x917.jpg\",\"contentUrl\":\"https:\/\/innerteam.org\/wp-content\/uploads\/2025\/03\/Christian_1-scaled-e1775332764716-1024x917.jpg\"},{\"@type\":\"BreadcrumbList\",\"@id\":\"https:\/\/innerteam.org\/about\/#breadcrumb\",\"itemListElement\":[{\"@type\":\"ListItem\",\"position\":1,\"name\":\"Home\",\"item\":\"https:\/\/innerteam.org\/\"},{\"@type\":\"ListItem\",\"position\":2,\"name\":\"About\"}]},{\"@type\":\"WebSite\",\"@id\":\"https:\/\/innerteam.org\/#website\",\"url\":\"https:\/\/innerteam.org\/\",\"name\":\"www.innerteam.org\",\"description\":\"Coaching &amp; Consulting for Personal Development &amp; Change Management\",\"publisher\":{\"@id\":\"https:\/\/innerteam.org\/#organization\"},\"potentialAction\":[{\"@type\":\"SearchAction\",\"target\":{\"@type\":\"EntryPoint\",\"urlTemplate\":\"https:\/\/innerteam.org\/?s={search_term_string}\"},\"query-input\":{\"@type\":\"PropertyValueSpecification\",\"valueRequired\":true,\"valueName\":\"search_term_string\"}}],\"inLanguage\":\"de\"},{\"@type\":\"Organization\",\"@id\":\"https:\/\/innerteam.org\/#organization\",\"name\":\"innerteam\",\"url\":\"https:\/\/innerteam.org\/\",\"logo\":{\"@type\":\"ImageObject\",\"inLanguage\":\"de\",\"@id\":\"https:\/\/innerteam.org\/#\/schema\/logo\/image\/\",\"url\":\"https:\/\/innerteam.org\/wp-content\/uploads\/2025\/03\/cropped-INNERTEAM.ORG_.png\",\"contentUrl\":\"https:\/\/innerteam.org\/wp-content\/uploads\/2025\/03\/cropped-INNERTEAM.ORG_.png\",\"width\":512,\"height\":512,\"caption\":\"innerteam\"},\"image\":{\"@id\":\"https:\/\/innerteam.org\/#\/schema\/logo\/image\/\"},\"sameAs\":[\"https:\/\/www.linkedin.com\/company\/innerteamcoaching\",\"https:\/\/www.instagram.com\/innerteamcoaching\/\"]}]}<\/script>\n<!-- \/ Yoast SEO plugin. -->","yoast_head_json":{"title":"About - innerteam.org","robots":{"index":"index","follow":"follow","max-snippet":"max-snippet:-1","max-image-preview":"max-image-preview:large","max-video-preview":"max-video-preview:-1"},"canonical":"https:\/\/innerteam.org\/de\/about\/","og_locale":"de_DE","og_type":"article","og_title":"About - innerteam.org","og_description":"Christian B. Busch, PCC (innerteam.org) My Motto Our personality parts are the shortcut to our core beliefs. A personality is not a single, solid block; it consists of many sides. My work is about engaging with all these personality parts to facilitate true transformation. Experience With 17+ years in strategic communications and change management, I [&hellip;]","og_url":"https:\/\/innerteam.org\/de\/about\/","og_site_name":"innerteam.org","article_modified_time":"2026-04-06T19:56:31+00:00","og_image":[{"width":1902,"height":1703,"url":"https:\/\/innerteam.org\/wp-content\/uploads\/2025\/03\/Christian_1-scaled-e1775332764716.jpg","type":"image\/jpeg"}],"twitter_card":"summary_large_image","twitter_misc":{"Gesch\u00e4tzte Lesezeit":"1\u00a0Minute"},"schema":{"@context":"https:\/\/schema.org","@graph":[{"@type":"WebPage","@id":"https:\/\/innerteam.org\/about\/","url":"https:\/\/innerteam.org\/about\/","name":"About - innerteam.org","isPartOf":{"@id":"https:\/\/innerteam.org\/#website"},"primaryImageOfPage":{"@id":"https:\/\/innerteam.org\/about\/#primaryimage"},"image":{"@id":"https:\/\/innerteam.org\/about\/#primaryimage"},"thumbnailUrl":"https:\/\/innerteam.org\/wp-content\/uploads\/2025\/03\/Christian_1-scaled-e1775332764716-1024x917.jpg","datePublished":"2025-03-04T05:04:09+00:00","dateModified":"2026-04-06T19:56:31+00:00","breadcrumb":{"@id":"https:\/\/innerteam.org\/about\/#breadcrumb"},"inLanguage":"de","potentialAction":[{"@type":"ReadAction","target":["https:\/\/innerteam.org\/about\/"]}]},{"@type":"ImageObject","inLanguage":"de","@id":"https:\/\/innerteam.org\/about\/#primaryimage","url":"https:\/\/innerteam.org\/wp-content\/uploads\/2025\/03\/Christian_1-scaled-e1775332764716-1024x917.jpg","contentUrl":"https:\/\/innerteam.org\/wp-content\/uploads\/2025\/03\/Christian_1-scaled-e1775332764716-1024x917.jpg"},{"@type":"BreadcrumbList","@id":"https:\/\/innerteam.org\/about\/#breadcrumb","itemListElement":[{"@type":"ListItem","position":1,"name":"Home","item":"https:\/\/innerteam.org\/"},{"@type":"ListItem","position":2,"name":"About"}]},{"@type":"WebSite","@id":"https:\/\/innerteam.org\/#website","url":"https:\/\/innerteam.org\/","name":"www.innerteam.org","description":"Coaching &amp; Beratung f\u00fcr Pers\u00f6nlichkeits-Entwicklung &amp; Change Management","publisher":{"@id":"https:\/\/innerteam.org\/#organization"},"potentialAction":[{"@type":"SearchAction","target":{"@type":"EntryPoint","urlTemplate":"https:\/\/innerteam.org\/?s={search_term_string}"},"query-input":{"@type":"PropertyValueSpecification","valueRequired":true,"valueName":"search_term_string"}}],"inLanguage":"de"},{"@type":"Organization","@id":"https:\/\/innerteam.org\/#organization","name":"innerteam","url":"https:\/\/innerteam.org\/","logo":{"@type":"ImageObject","inLanguage":"de","@id":"https:\/\/innerteam.org\/#\/schema\/logo\/image\/","url":"https:\/\/innerteam.org\/wp-content\/uploads\/2025\/03\/cropped-INNERTEAM.ORG_.png","contentUrl":"https:\/\/innerteam.org\/wp-content\/uploads\/2025\/03\/cropped-INNERTEAM.ORG_.png","width":512,"height":512,"caption":"innerteam"},"image":{"@id":"https:\/\/innerteam.org\/#\/schema\/logo\/image\/"},"sameAs":["https:\/\/www.linkedin.com\/company\/innerteamcoaching","https:\/\/www.instagram.com\/innerteamcoaching\/"]}]}},"_links":{"self":[{"href":"https:\/\/innerteam.org\/de\/wp-json\/wp\/v2\/pages\/148","targetHints":{"allow":["GET"]}}],"collection":[{"href":"https:\/\/innerteam.org\/de\/wp-json\/wp\/v2\/pages"}],"about":[{"href":"https:\/\/innerteam.org\/de\/wp-json\/wp\/v2\/types\/page"}],"author":[{"embeddable":true,"href":"https:\/\/innerteam.org\/de\/wp-json\/wp\/v2\/users\/1"}],"replies":[{"embeddable":true,"href":"https:\/\/innerteam.org\/de\/wp-json\/wp\/v2\/comments?post=148"}],"version-history":[{"count":1200,"href":"https:\/\/innerteam.org\/de\/wp-json\/wp\/v2\/pages\/148\/revisions"}],"predecessor-version":[{"id":9194,"href":"https:\/\/innerteam.org\/de\/wp-json\/wp\/v2\/pages\/148\/revisions\/9194"}],"wp:attachment":[{"href":"https:\/\/innerteam.org\/de\/wp-json\/wp\/v2\/media?parent=148"}],"curies":[{"name":"wp","href":"https:\/\/api.w.org\/{rel}","templated":true}]}}