{"id":1423,"date":"2025-03-07T10:50:21","date_gmt":"2025-03-07T10:50:21","guid":{"rendered":"https:\/\/innerteam.umairsattar.com\/?page_id=1423"},"modified":"2025-06-15T23:10:20","modified_gmt":"2025-06-15T23:10:20","slug":"privacy-policy","status":"publish","type":"page","link":"https:\/\/innerteam.org\/de\/privacy-policy\/","title":{"rendered":"Datenschutzerkl\u00e4rung"},"content":{"rendered":"<div data-elementor-type=\"wp-page\" data-elementor-id=\"1423\" class=\"elementor elementor-1423\" data-elementor-post-type=\"page\">\n\t\t\t\t\t\t<section class=\"elementor-section elementor-top-section elementor-element elementor-element-edf7977 elementor-section-boxed elementor-section-height-default elementor-section-height-default\" data-id=\"edf7977\" data-element_type=\"section\" data-settings=\"{&quot;background_background&quot;:&quot;classic&quot;}\">\n\t\t\t\t\t\t\t<div class=\"elementor-background-overlay\"><\/div>\n\t\t\t\t\t\t\t<div class=\"elementor-container elementor-column-gap-default\">\n\t\t\t\t\t<div class=\"elementor-column elementor-col-100 elementor-top-column elementor-element elementor-element-ef141ca\" data-id=\"ef141ca\" data-element_type=\"column\">\n\t\t\t<div class=\"elementor-widget-wrap elementor-element-populated\">\n\t\t\t\t\t\t<div class=\"elementor-element elementor-element-99ee5d3 elementor-invisible elementor-widget elementor-widget-heading\" data-id=\"99ee5d3\" data-element_type=\"widget\" data-settings=\"{&quot;_animation&quot;:&quot;fadeInUp&quot;}\" data-widget_type=\"heading.default\">\n\t\t\t\t<div class=\"elementor-widget-container\">\n\t\t\t\t\t<h2 class=\"elementor-heading-title elementor-size-default\">Datenschutzerkl\u00e4rung<\/h2>\t\t\t\t<\/div>\n\t\t\t\t<\/div>\n\t\t\t\t<div class=\"elementor-element elementor-element-6e85fc3 elementor-icon-list--layout-inline elementor-align-center elementor-list-item-link-full_width elementor-invisible elementor-widget elementor-widget-icon-list\" data-id=\"6e85fc3\" data-element_type=\"widget\" data-settings=\"{&quot;_animation&quot;:&quot;fadeInUp&quot;,&quot;_animation_delay&quot;:200}\" data-widget_type=\"icon-list.default\">\n\t\t\t\t<div class=\"elementor-widget-container\">\n\t\t\t\t\t\t\t<ul class=\"elementor-icon-list-items elementor-inline-items\">\n\t\t\t\t\t\t\t<li class=\"elementor-icon-list-item elementor-inline-item\">\n\t\t\t\t\t\t\t\t\t\t\t<a href=\"https:\/\/innerteam.org\/de\">\n\n\t\t\t\t\t\t\t\t\t\t\t<span class=\"elementor-icon-list-text\">Startseite<\/span>\n\t\t\t\t\t\t\t\t\t\t\t<\/a>\n\t\t\t\t\t\t\t\t\t<\/li>\n\t\t\t\t\t\t\t\t<li class=\"elementor-icon-list-item elementor-inline-item\">\n\t\t\t\t\t\t\t\t\t\t\t<a href=\"https:\/\/innerteam.org\/de\/privacy-policy-2\/\">\n\n\t\t\t\t\t\t\t\t\t\t\t\t<span class=\"elementor-icon-list-icon\">\n\t\t\t\t\t\t\t<svg aria-hidden=\"true\" class=\"e-font-icon-svg e-fas-chevron-right\" viewbox=\"0 0 320 512\" xmlns=\"http:\/\/www.w3.org\/2000\/svg\"><path d=\"M285.476 272.971L91.132 467.314c-9.373 9.373-24.569 9.373-33.941 0l-22.667-22.667c-9.357-9.357-9.375-24.522-.04-33.901L188.505 256 34.484 101.255c-9.335-9.379-9.317-24.544.04-33.901l22.667-22.667c9.373-9.373 24.569-9.373 33.941 0L285.475 239.03c9.373 9.372 9.373 24.568.001 33.941z\"><\/path><\/svg>\t\t\t\t\t\t<\/span>\n\t\t\t\t\t\t\t\t\t\t<span class=\"elementor-icon-list-text\">Datenschutzerkl\u00e4rung<\/span>\n\t\t\t\t\t\t\t\t\t\t\t<\/a>\n\t\t\t\t\t\t\t\t\t<\/li>\n\t\t\t\t\t\t<\/ul>\n\t\t\t\t\t\t<\/div>\n\t\t\t\t<\/div>\n\t\t\t\t<section class=\"elementor-section elementor-inner-section elementor-element elementor-element-dbb1de5 elementor-section-height-min-height elementor-section-boxed elementor-section-height-default elementor-invisible\" data-id=\"dbb1de5\" data-element_type=\"section\" data-settings=\"{&quot;background_background&quot;:&quot;classic&quot;,&quot;animation&quot;:&quot;fadeIn&quot;}\">\n\t\t\t\t\t\t<div class=\"elementor-container elementor-column-gap-default\">\n\t\t\t\t\t<div class=\"elementor-column elementor-col-100 elementor-inner-column elementor-element elementor-element-8000706\" data-id=\"8000706\" data-element_type=\"column\">\n\t\t\t<div class=\"elementor-widget-wrap elementor-element-populated\">\n\t\t\t\t\t\t<div class=\"elementor-element elementor-element-f452335 elementor-widget-divider--view-line elementor-widget elementor-widget-divider\" data-id=\"f452335\" data-element_type=\"widget\" data-widget_type=\"divider.default\">\n\t\t\t\t<div class=\"elementor-widget-container\">\n\t\t\t\t\t\t\t<div class=\"elementor-divider\">\n\t\t\t<span class=\"elementor-divider-separator\">\n\t\t\t\t\t\t<\/span>\n\t\t<\/div>\n\t\t\t\t\t\t<\/div>\n\t\t\t\t<\/div>\n\t\t\t\t\t<\/div>\n\t\t<\/div>\n\t\t\t\t\t<\/div>\n\t\t<\/section>\n\t\t\t\t\t<\/div>\n\t\t<\/div>\n\t\t\t\t\t<\/div>\n\t\t<\/section>\n\t\t<div class=\"elementor-element elementor-element-80d8e68 e-flex e-con-boxed e-con e-parent\" data-id=\"80d8e68\" data-element_type=\"container\">\n\t\t\t\t\t<div class=\"e-con-inner\">\n\t\t\t\t<div class=\"elementor-element elementor-element-0e62282 elementor-widget elementor-widget-text-editor\" data-id=\"0e62282\" data-element_type=\"widget\" data-widget_type=\"text-editor.default\">\n\t\t\t\t<div class=\"elementor-widget-container\">\n\t\t\t\t\t\t\t\t\t<h2 data-sourcepos=\"7:1-7:37\">Allgemeine Gesch\u00e4ftsbedingungen (AGB)<\/h2><p data-sourcepos=\"8:1-8:29\"><strong>G\u00fcltig ab: 16. Juni 2025<\/strong><\/p><p data-sourcepos=\"10:1-10:244\">Willkommen auf innerteam.org! Indem du auf unsere Website https:\/\/innerteam.org\/ zugreifst oder sie nutzt, erkl\u00e4rst du dich mit den folgenden Allgemeinen Gesch\u00e4ftsbedingungen (AGB) einverstanden. Falls du diesen Bedingungen nicht zustimmst, bitten wir dich, diese Website nicht zu nutzen. <strong><a class=\"ng-star-inserted\" href=\"https:\/\/innerteam.org\/de\/\" target=\"_blank\" rel=\"noopener\">https:\/\/innerteam.org\/<\/a><\/strong>, you agree to the following General Terms and Conditions (GTC). If you do not agree to these terms, please do not use this website.<\/p><hr data-sourcepos=\"12:1-12:3\" \/><h3 data-sourcepos=\"14:1-14:27\">1. Geltungsbereich<\/h3><p data-sourcepos=\"15:1-15:131\">Diese AGB gelten f\u00fcr alle Nutzer:innen der Website, einschliesslich Besucher:innen, registrierte Nutzer:innen und Kund:innen, die Dienstleistungen oder Produkte erwerben.<\/p><hr data-sourcepos=\"17:1-17:3\" \/><h3 data-sourcepos=\"19:1-19:18\">2. Teilnahmeberechtigung<\/h3><p data-sourcepos=\"20:1-20:184\"><span class=\"citation-20 citation-end-20\">Du musst mindestens 18 Jahre alt oder in deiner Gerichtsbarkeit vollj\u00e4hrig sein, um diese Website nutzen zu d\u00fcrfen. Mit der Nutzung der Website versicherst du, dass du diese Anforderungen erf\u00fcllst.<\/span> confirm that you meet these requirements.<\/p><hr data-sourcepos=\"22:1-22:3\" \/><h3 data-sourcepos=\"24:1-24:23\">3. Angebotene Dienstleistungen<\/h3><p data-sourcepos=\"25:1-25:183\">Die Website bietet Coaching-Dienstleistungen und Ressourcen zur pers\u00f6nlichen Entwicklung an. Diese Dienstleistungen sind darauf ausgelegt, die Selbstf\u00fchrung und Teamentwicklung f\u00fcr Einzelpersonen und Organisationen zu unterst\u00fctzen<\/p><hr data-sourcepos=\"27:1-27:3\" \/><h3 data-sourcepos=\"29:1-29:23\">4. Pflichten der Nutzer:innen<\/h3><p data-sourcepos=\"30:1-30:16\">Nutzer:innen verpflichten sich:<\/p><ul data-sourcepos=\"31:1-34:0\"><li data-sourcepos=\"31:1-31:59\">Genau und rechtzeitig Informationen bereitzustellen, wenn dies erforderlich ist.<\/li><li data-sourcepos=\"32:1-32:51\">Die Website nicht f\u00fcr rechtswidrige Zwecke zu nutzen.<\/li><li data-sourcepos=\"33:1-34:0\">Keine b\u00f6sartige Software, Spam oder andere sch\u00e4dliche Materialien zu verbreiten.<\/li><\/ul><hr data-sourcepos=\"35:1-35:3\" \/><h3 data-sourcepos=\"37:1-37:28\">5. Geistiges Eigentum<\/h3><p data-sourcepos=\"38:1-38:181\">Alle Inhalte der Website, einschliesslich, aber nicht beschr\u00e4nkt auf Texte, Bilder, Logos und Software, sind Eigentum von innerteam.org oder wurden an innerteam.org lizenziert. Die unbefugte Nutzung solcher Inhalte ist untersagt.<\/p><hr data-sourcepos=\"40:1-40:3\" \/><h3 data-sourcepos=\"42:1-42:26\">6. Bestellungen und Zahlungen<\/h3><p data-sourcepos=\"43:1-43:66\">Zahlungen m\u00fcssen \u00fcber die auf der Website angebotenen Methoden erfolgen.<\/p><p data-sourcepos=\"45:1-46:118\"><strong>Stornierungsbedingungen:\nWir verstehen, dass sich Pl\u00e4ne manchmal \u00e4ndern. Unsere Stornierungsbedingungen sind fair f\u00fcr dich und unsere Coaches gestaltet.<\/strong> We understand that plans sometimes change. Our cancellation policy is designed to be fair to both you and our coaches.<\/p><ul data-sourcepos=\"47:1-49:0\"><li data-sourcepos=\"47:1-47:128\"><strong>Stornierungen, die mehr als 48 Stunden vor dem geplanten Termin erfolgen: Du erh\u00e4ltst eine R\u00fcckerstattung von 100 % deiner Zahlung.<\/strong> You will receive a 100% refund of your payment.<\/li><li data-sourcepos=\"48:1-49:0\"><strong>Stornierungen, die weniger als 48 Stunden vor dem geplanten Termin erfolgen: Es erfolgt keine R\u00fcckerstattung.<\/strong> No refund will be issued.<\/li><\/ul><p data-sourcepos=\"50:1-52:64\"><strong>Verschiebung von Terminen:\nGerne arbeiten wir mit dir zusammen, um deinen Termin bei Bedarf zu verschieben. Bitte kontaktiere uns so bald wie m\u00f6glich, um einen neuen Zeitpunkt zu vereinbaren.\nBei Fragen z\u00f6gere bitte nicht, uns zu kontaktieren.<\/strong> We are happy to work with you to reschedule your appointment if needed. Please contact us as soon as possible to arrange a new time. If you have any questions, please do not hesitate to contact us.<\/p><hr data-sourcepos=\"54:1-54:3\" \/><h3 data-sourcepos=\"56:1-56:17\">7. Haftungsausschluss<\/h3><p data-sourcepos=\"57:1-57:194\">Die Website und ihre Inhalte werden \u201ewie besehen\u201c und \u201ewie verf\u00fcgbar\u201c bereitgestellt. innerteam.org \u00fcbernimmt keine ausdr\u00fccklichen oder stillschweigenden Garantien f\u00fcr die Funktionalit\u00e4t, Genauigkeit oder Zuverl\u00e4ssigkeit der Website.<\/p><hr data-sourcepos=\"59:1-59:3\" \/><h3 data-sourcepos=\"61:1-61:30\">8. Haftungsbeschr\u00e4nkung<\/h3><p data-sourcepos=\"62:1-62:219\">innerteam.org <span class=\"citation-19 citation-end-19\">innerteam.org haftet nicht f\u00fcr Sch\u00e4den, die aus der Nutzung oder der Unf\u00e4higkeit zur Nutzung der Website resultieren, einschliesslich, aber nicht beschr\u00e4nkt auf Datenverlust, Einnahmeverlust oder unbefugten Zugriff auf dein Konto.<\/span> data loss, loss of revenue, or unauthorized access to your account.<\/p><hr data-sourcepos=\"64:1-64:3\" \/><h3 data-sourcepos=\"66:1-66:22\">9. Datenschutz<\/h3><p data-sourcepos=\"67:1-67:261\">Unsere Nutzung deiner pers\u00f6nlichen Daten richtet sich nach unserer Datenschutzerkl\u00e4rung, die integraler Bestandteil dieser AGB ist. Bitte lies unsere Datenschutzerkl\u00e4rung sorgf\u00e4ltig durch, um zu verstehen, wie wir deine Daten erfassen, verarbeiten, nutzen und sch\u00fctzen, und welche Rechte du diesbez\u00fcglich hast. <strong>Datenschutzerkl\u00e4rung<\/strong>, which is an integral part of these GTC. <strong>Please read our Privacy Policy carefully to understand how we collect, process, use, and protect your data, and what rights you have in this regard.<\/strong><\/p><hr data-sourcepos=\"69:1-69:3\" \/><h3 data-sourcepos=\"71:1-71:32\">10. <span class=\"citation-18\">Links zu Dritten<\/span><\/h3><p data-sourcepos=\"72:1-72:150\"><span class=\"citation-18 citation-end-18\">Unsere Website kann Links zu Websites Dritter enthalten. Wir sind nicht verantwortlich f\u00fcr den Inhalt, die Richtlinien oder Praktiken dieser externen Websites.<\/span> of those external sites.<\/p><hr data-sourcepos=\"74:1-74:3\" \/><h3 data-sourcepos=\"76:1-76:39\">11. Anwendbares Recht und Gerichtsstand<\/h3><p data-sourcepos=\"77:1-77:127\">Diese AGB unterliegen dem Recht der Schweiz. Alle Streitigkeiten, die sich aus diesen AGB ergeben, werden vor den Gerichten in Z\u00fcrich, Schweiz, gel\u00f6st.<\/p><hr data-sourcepos=\"79:1-79:3\" \/><h3 data-sourcepos=\"81:1-81:15\">12. \u00c4nderungen<\/h3><p data-sourcepos=\"82:1-82:202\">innerteam.org beh\u00e4lt sich das Recht vor, diese AGB jederzeit zu \u00e4ndern. \u00c4nderungen werden mit ihrer Ver\u00f6ffentlichung auf der Website wirksam. Die fortgesetzte Nutzung der Website stellt die Annahme der aktualisierten AGB dar.<\/p><hr data-sourcepos=\"84:1-84:3\" \/><h3 data-sourcepos=\"86:1-86:27\">13. Kontaktinformationen<\/h3><p data-sourcepos=\"87:1-88:25\">Bei Fragen zu diesen AGB kontaktiere uns bitte unter:\nE-Mail: info@innerteam.org<\/p><hr data-sourcepos=\"90:1-90:3\" \/><p data-sourcepos=\"92:1-92:115\">Durch die Nutzung dieser Website best\u00e4tigst du, dass du diese Allgemeinen Gesch\u00e4ftsbedingungen gelesen, verstanden und akzeptiert hast.<\/p>\t\t\t\t\t\t\t\t<\/div>\n\t\t\t\t<\/div>\n\t\t\t\t\t<\/div>\n\t\t\t\t<\/div>\n\t\t\t\t<\/div>","protected":false},"excerpt":{"rendered":"<p>Privacy Policy Home Privacy Policy General Terms and Conditions (GTC) Valid from: June 16, 2025 Welcome to innerteam.org! By accessing or using our website https:\/\/innerteam.org\/, you agree to the following General Terms and Conditions (GTC). If you do not agree to these terms, please do not use this website. 1. Scope of Application These GTC [&hellip;]<\/p>","protected":false},"author":1,"featured_media":0,"parent":0,"menu_order":0,"comment_status":"closed","ping_status":"closed","template":"elementor_header_footer","meta":{"footnotes":""},"class_list":["post-1423","page","type-page","status-publish","hentry"],"yoast_head":"<!-- This site is optimized with the Yoast SEO plugin v26.3 - https:\/\/yoast.com\/wordpress\/plugins\/seo\/ -->\n<title>Privacy Policy - innerteam.org<\/title>\n<meta name=\"robots\" content=\"index, follow, max-snippet:-1, max-image-preview:large, max-video-preview:-1\" \/>\n<link rel=\"canonical\" href=\"https:\/\/innerteam.org\/de\/privacy-policy\/\" \/>\n<meta property=\"og:locale\" content=\"de_DE\" \/>\n<meta property=\"og:type\" content=\"article\" \/>\n<meta property=\"og:title\" content=\"Privacy Policy - innerteam.org\" \/>\n<meta property=\"og:description\" content=\"Privacy Policy Home Privacy Policy General Terms and Conditions (GTC) Valid from: June 16, 2025 Welcome to innerteam.org! By accessing or using our website https:\/\/innerteam.org\/, you agree to the following General Terms and Conditions (GTC). If you do not agree to these terms, please do not use this website. 1. Scope of Application These GTC [&hellip;]\" \/>\n<meta property=\"og:url\" content=\"https:\/\/innerteam.org\/de\/privacy-policy\/\" \/>\n<meta property=\"og:site_name\" content=\"innerteam.org\" \/>\n<meta property=\"article:modified_time\" content=\"2025-06-15T23:10:20+00:00\" \/>\n<meta name=\"twitter:card\" content=\"summary_large_image\" \/>\n<meta name=\"twitter:label1\" content=\"Gesch\u00e4tzte Lesezeit\" \/>\n\t<meta name=\"twitter:data1\" content=\"3\u00a0Minuten\" \/>\n<script type=\"application\/ld+json\" class=\"yoast-schema-graph\">{\"@context\":\"https:\/\/schema.org\",\"@graph\":[{\"@type\":\"WebPage\",\"@id\":\"https:\/\/innerteam.org\/privacy-policy\/\",\"url\":\"https:\/\/innerteam.org\/privacy-policy\/\",\"name\":\"Privacy Policy - innerteam.org\",\"isPartOf\":{\"@id\":\"https:\/\/innerteam.org\/#website\"},\"datePublished\":\"2025-03-07T10:50:21+00:00\",\"dateModified\":\"2025-06-15T23:10:20+00:00\",\"breadcrumb\":{\"@id\":\"https:\/\/innerteam.org\/privacy-policy\/#breadcrumb\"},\"inLanguage\":\"de\",\"potentialAction\":[{\"@type\":\"ReadAction\",\"target\":[\"https:\/\/innerteam.org\/privacy-policy\/\"]}]},{\"@type\":\"BreadcrumbList\",\"@id\":\"https:\/\/innerteam.org\/privacy-policy\/#breadcrumb\",\"itemListElement\":[{\"@type\":\"ListItem\",\"position\":1,\"name\":\"Home\",\"item\":\"https:\/\/innerteam.org\/\"},{\"@type\":\"ListItem\",\"position\":2,\"name\":\"Privacy Policy\"}]},{\"@type\":\"WebSite\",\"@id\":\"https:\/\/innerteam.org\/#website\",\"url\":\"https:\/\/innerteam.org\/\",\"name\":\"www.innerteam.org\",\"description\":\"Coaching &amp; Consulting for Personal Development &amp; Change Management\",\"publisher\":{\"@id\":\"https:\/\/innerteam.org\/#organization\"},\"potentialAction\":[{\"@type\":\"SearchAction\",\"target\":{\"@type\":\"EntryPoint\",\"urlTemplate\":\"https:\/\/innerteam.org\/?s={search_term_string}\"},\"query-input\":{\"@type\":\"PropertyValueSpecification\",\"valueRequired\":true,\"valueName\":\"search_term_string\"}}],\"inLanguage\":\"de\"},{\"@type\":\"Organization\",\"@id\":\"https:\/\/innerteam.org\/#organization\",\"name\":\"innerteam\",\"url\":\"https:\/\/innerteam.org\/\",\"logo\":{\"@type\":\"ImageObject\",\"inLanguage\":\"de\",\"@id\":\"https:\/\/innerteam.org\/#\/schema\/logo\/image\/\",\"url\":\"https:\/\/innerteam.org\/wp-content\/uploads\/2025\/03\/cropped-INNERTEAM.ORG_.png\",\"contentUrl\":\"https:\/\/innerteam.org\/wp-content\/uploads\/2025\/03\/cropped-INNERTEAM.ORG_.png\",\"width\":512,\"height\":512,\"caption\":\"innerteam\"},\"image\":{\"@id\":\"https:\/\/innerteam.org\/#\/schema\/logo\/image\/\"},\"sameAs\":[\"https:\/\/www.linkedin.com\/company\/innerteamcoaching\",\"https:\/\/www.instagram.com\/innerteamcoaching\/\"]}]}<\/script>\n<!-- \/ Yoast SEO plugin. -->","yoast_head_json":{"title":"Privacy Policy - innerteam.org","robots":{"index":"index","follow":"follow","max-snippet":"max-snippet:-1","max-image-preview":"max-image-preview:large","max-video-preview":"max-video-preview:-1"},"canonical":"https:\/\/innerteam.org\/de\/privacy-policy\/","og_locale":"de_DE","og_type":"article","og_title":"Privacy Policy - innerteam.org","og_description":"Privacy Policy Home Privacy Policy General Terms and Conditions (GTC) Valid from: June 16, 2025 Welcome to innerteam.org! By accessing or using our website https:\/\/innerteam.org\/, you agree to the following General Terms and Conditions (GTC). If you do not agree to these terms, please do not use this website. 1. Scope of Application These GTC [&hellip;]","og_url":"https:\/\/innerteam.org\/de\/privacy-policy\/","og_site_name":"innerteam.org","article_modified_time":"2025-06-15T23:10:20+00:00","twitter_card":"summary_large_image","twitter_misc":{"Gesch\u00e4tzte Lesezeit":"3\u00a0Minuten"},"schema":{"@context":"https:\/\/schema.org","@graph":[{"@type":"WebPage","@id":"https:\/\/innerteam.org\/privacy-policy\/","url":"https:\/\/innerteam.org\/privacy-policy\/","name":"Privacy Policy - innerteam.org","isPartOf":{"@id":"https:\/\/innerteam.org\/#website"},"datePublished":"2025-03-07T10:50:21+00:00","dateModified":"2025-06-15T23:10:20+00:00","breadcrumb":{"@id":"https:\/\/innerteam.org\/privacy-policy\/#breadcrumb"},"inLanguage":"de","potentialAction":[{"@type":"ReadAction","target":["https:\/\/innerteam.org\/privacy-policy\/"]}]},{"@type":"BreadcrumbList","@id":"https:\/\/innerteam.org\/privacy-policy\/#breadcrumb","itemListElement":[{"@type":"ListItem","position":1,"name":"Home","item":"https:\/\/innerteam.org\/"},{"@type":"ListItem","position":2,"name":"Privacy Policy"}]},{"@type":"WebSite","@id":"https:\/\/innerteam.org\/#website","url":"https:\/\/innerteam.org\/","name":"www.innerteam.org","description":"Coaching &amp; Beratung f\u00fcr Pers\u00f6nlichkeits-Entwicklung &amp; Change Management","publisher":{"@id":"https:\/\/innerteam.org\/#organization"},"potentialAction":[{"@type":"SearchAction","target":{"@type":"EntryPoint","urlTemplate":"https:\/\/innerteam.org\/?s={search_term_string}"},"query-input":{"@type":"PropertyValueSpecification","valueRequired":true,"valueName":"search_term_string"}}],"inLanguage":"de"},{"@type":"Organization","@id":"https:\/\/innerteam.org\/#organization","name":"innerteam","url":"https:\/\/innerteam.org\/","logo":{"@type":"ImageObject","inLanguage":"de","@id":"https:\/\/innerteam.org\/#\/schema\/logo\/image\/","url":"https:\/\/innerteam.org\/wp-content\/uploads\/2025\/03\/cropped-INNERTEAM.ORG_.png","contentUrl":"https:\/\/innerteam.org\/wp-content\/uploads\/2025\/03\/cropped-INNERTEAM.ORG_.png","width":512,"height":512,"caption":"innerteam"},"image":{"@id":"https:\/\/innerteam.org\/#\/schema\/logo\/image\/"},"sameAs":["https:\/\/www.linkedin.com\/company\/innerteamcoaching","https:\/\/www.instagram.com\/innerteamcoaching\/"]}]}},"_links":{"self":[{"href":"https:\/\/innerteam.org\/de\/wp-json\/wp\/v2\/pages\/1423","targetHints":{"allow":["GET"]}}],"collection":[{"href":"https:\/\/innerteam.org\/de\/wp-json\/wp\/v2\/pages"}],"about":[{"href":"https:\/\/innerteam.org\/de\/wp-json\/wp\/v2\/types\/page"}],"author":[{"embeddable":true,"href":"https:\/\/innerteam.org\/de\/wp-json\/wp\/v2\/users\/1"}],"replies":[{"embeddable":true,"href":"https:\/\/innerteam.org\/de\/wp-json\/wp\/v2\/comments?post=1423"}],"version-history":[{"count":19,"href":"https:\/\/innerteam.org\/de\/wp-json\/wp\/v2\/pages\/1423\/revisions"}],"predecessor-version":[{"id":3123,"href":"https:\/\/innerteam.org\/de\/wp-json\/wp\/v2\/pages\/1423\/revisions\/3123"}],"wp:attachment":[{"href":"https:\/\/innerteam.org\/de\/wp-json\/wp\/v2\/media?parent=1423"}],"curies":[{"name":"wp","href":"https:\/\/api.w.org\/{rel}","templated":true}]}}